{"id":24,"date":"2017-05-17T18:15:32","date_gmt":"2017-05-17T16:15:32","guid":{"rendered":"http:\/\/frisbolice.de\/?page_id=24"},"modified":"2025-04-21T13:33:40","modified_gmt":"2025-04-21T11:33:40","slug":"bandmembers","status":"publish","type":"page","link":"https:\/\/frisbolice.de\/en\/bandmembers\/","title":{"rendered":"Bandmembers"},"content":{"rendered":"<table width=\"800\">\n<tbody>\n<tr>\n<td colspan=\"3\">Frisbolice sind mit leicht wechselnder Besetzung in klassischer Rock &#8217;n&#8216; Roll Instrumentierung seit \u00fcber 20\u00a0 Jahren unterwegs. Wir hatten in all den Jahren das Gl\u00fcck, viele nette Kollegen und Veranstalter kennen lernen zu d\u00fcrfen und mit anderen fabelhaften Bands die B\u00fchne zu teilen. Wir konnten uns so in die Herzen unserer Fans spielen und freuen uns immer wieder neue Gesichter auf unseren Konzerten entdecken zu k\u00f6nnen. Besonders in Erinnnerung sind uns ein Support Gig f\u00fcr Wanda Jackson (USA), unser Engagement f\u00fcr eine Spielzeit am Oldenburger Staatstheater f\u00fcr das St\u00fcck &#8222;Clockwork Orange&#8220; sowie gemeinsame Shows mit den Blue Cats, Restless, den Keytones (alle UK) und den Delta Bombers aus Las Vegas geblieben. So watch out for Frisbolice to appear on a stage near you, people!<\/td>\n<\/tr>\n<tr>\n<td colspan=\"3\">Frisbolice sind:<\/td>\n<\/tr>\n<tr>\n<td width=\"150\">\u00a0<img loading=\"lazy\" decoding=\"async\" class=\"alignnone wp-image-264 size-medium\" src=\"http:\/\/frisbolice.de\/wp-content\/uploads\/2017\/05\/45453434343-300x225.jpg\" alt=\"\" width=\"300\" height=\"225\" srcset=\"https:\/\/frisbolice.de\/wp-content\/uploads\/2017\/05\/45453434343-300x225.jpg 300w, https:\/\/frisbolice.de\/wp-content\/uploads\/2017\/05\/45453434343-768x576.jpg 768w, https:\/\/frisbolice.de\/wp-content\/uploads\/2017\/05\/45453434343-1024x768.jpg 1024w\" sizes=\"auto, (max-width: 300px) 100vw, 300px\" \/><\/td>\n<td width=\"568\">Andr\u00e9 Wiegert (Schlagzeug)<\/td>\n<td width=\"194\">\u00a0<\/td>\n<\/tr>\n<tr>\n<td>\u00a0<img loading=\"lazy\" decoding=\"async\" class=\"alignnone wp-image-265 size-medium\" src=\"http:\/\/frisbolice.de\/wp-content\/uploads\/2017\/05\/4443535353535-225x300.jpg\" alt=\"\" width=\"225\" height=\"300\" srcset=\"https:\/\/frisbolice.de\/wp-content\/uploads\/2017\/05\/4443535353535-225x300.jpg 225w, https:\/\/frisbolice.de\/wp-content\/uploads\/2017\/05\/4443535353535-768x1024.jpg 768w\" sizes=\"auto, (max-width: 225px) 100vw, 225px\" \/><\/td>\n<td>Florian Meyer (Double Bass)<\/td>\n<td>\u00a0<\/td>\n<\/tr>\n<tr>\n<td>\u00a0<img loading=\"lazy\" decoding=\"async\" class=\"alignnone wp-image-267 size-medium\" src=\"http:\/\/frisbolice.de\/wp-content\/uploads\/2017\/05\/Frisbolice-177-e1509283125205-218x300.jpg\" alt=\"\" width=\"218\" height=\"300\" srcset=\"https:\/\/frisbolice.de\/wp-content\/uploads\/2017\/05\/Frisbolice-177-e1509283125205-218x300.jpg 218w, https:\/\/frisbolice.de\/wp-content\/uploads\/2017\/05\/Frisbolice-177-e1509283125205-768x1056.jpg 768w, https:\/\/frisbolice.de\/wp-content\/uploads\/2017\/05\/Frisbolice-177-e1509283125205-744x1024.jpg 744w\" sizes=\"auto, (max-width: 218px) 100vw, 218px\" \/><\/td>\n<td>Kay Albers (Leadgitarre)<\/td>\n<td>\u00a0<\/td>\n<\/tr>\n<tr>\n<td>\u00a0<img loading=\"lazy\" decoding=\"async\" class=\"alignnone wp-image-269 size-medium\" src=\"http:\/\/frisbolice.de\/wp-content\/uploads\/2017\/05\/c5c5c5c5c5c5c-1-225x300.jpg\" alt=\"\" width=\"225\" height=\"300\" srcset=\"https:\/\/frisbolice.de\/wp-content\/uploads\/2017\/05\/c5c5c5c5c5c5c-1-225x300.jpg 225w, https:\/\/frisbolice.de\/wp-content\/uploads\/2017\/05\/c5c5c5c5c5c5c-1-768x1024.jpg 768w\" sizes=\"auto, (max-width: 225px) 100vw, 225px\" \/><\/td>\n<td>Gerd K\u00f6hler (Gesang+Gitarre)<\/td>\n<td>\u00a0<\/td>\n<\/tr>\n<tr>\n<td width=\"150\">\u00a0<\/td>\n<td width=\"568\">\u00a0<\/td>\n<td width=\"194\">\u00a0<\/td>\n<\/tr>\n<tr>\n<td colspan=\"3\">Alle Bandmitglieder sind schon seit den 80er Jahren Teil der norddeutschen Musikerszene. Das Bandrepertoire bietet die Stilrichtungen Rockabilly und Rock\u2019n Roll, Swing, Surf, C&amp;W, Rock, beinhaltet aber auch Einfl\u00fcsse aus Blues, Pop und sogar New Wave. Die Wurzeln besonders unserer Eigenkompositionen liegen aber ganz klar in der rauen Musik des urspr\u00fcnglichen Rockabilly der F\u00fcnfziger Jahre. Neben einigen Coverversionen bekannter Gr\u00f6\u00dfen der Vergangenheit und Gegenwart k\u00f6nnen wir auch auf eine ganze Reihe eigener Songs zur\u00fcckgreifen, von denen immer eine kleine Auswahl zum Reinh\u00f6ren auf dieser Webseite bereitgestellt ist. Als Frisbolice-Tontr\u00e4ger gibt es eine\u00a0 3-Track Vinyl EP &#8222;Lots of Lovin'&#8220; sowie die CD &#8222;Hard Way&#8220;, beide erschienen und erh\u00e4ltlich bei <a href=\"https:\/\/www.arrada.com\/\" target=\"_blank\" rel=\"noopener\">Arrada Music<\/a>.<\/td>\n<\/tr>\n<\/tbody>\n<\/table>\n\n\n<p><\/p>","protected":false},"excerpt":{"rendered":"<p>Frisbolice sind mit leicht wechselnder Besetzung in klassischer Rock &#8217;n&#8216; Roll Instrumentierung seit \u00fcber 20\u00a0 Jahren unterwegs. Wir hatten in all den Jahren das Gl\u00fcck, viele nette Kollegen und Veranstalter kennen lernen zu d\u00fcrfen und mit anderen fabelhaften Bands die B\u00fchne zu teilen. Wir konnten uns so in die Herzen unserer Fans spielen und freuen &hellip; <\/p>\n<p class=\"link-more\"><a href=\"https:\/\/frisbolice.de\/en\/bandmembers\/\" class=\"more-link\">Continue reading<span class=\"screen-reader-text\"> &#8222;Bandmembers&#8220;<\/span><\/a><\/p>","protected":false},"author":1,"featured_media":272,"parent":0,"menu_order":0,"comment_status":"closed","ping_status":"closed","template":"","meta":{"footnotes":""},"class_list":["post-24","page","type-page","status-publish","has-post-thumbnail","hentry"],"_links":{"self":[{"href":"https:\/\/frisbolice.de\/en\/wp-json\/wp\/v2\/pages\/24","targetHints":{"allow":["GET"]}}],"collection":[{"href":"https:\/\/frisbolice.de\/en\/wp-json\/wp\/v2\/pages"}],"about":[{"href":"https:\/\/frisbolice.de\/en\/wp-json\/wp\/v2\/types\/page"}],"author":[{"embeddable":true,"href":"https:\/\/frisbolice.de\/en\/wp-json\/wp\/v2\/users\/1"}],"replies":[{"embeddable":true,"href":"https:\/\/frisbolice.de\/en\/wp-json\/wp\/v2\/comments?post=24"}],"version-history":[{"count":18,"href":"https:\/\/frisbolice.de\/en\/wp-json\/wp\/v2\/pages\/24\/revisions"}],"predecessor-version":[{"id":591,"href":"https:\/\/frisbolice.de\/en\/wp-json\/wp\/v2\/pages\/24\/revisions\/591"}],"wp:featuredmedia":[{"embeddable":true,"href":"https:\/\/frisbolice.de\/en\/wp-json\/wp\/v2\/media\/272"}],"wp:attachment":[{"href":"https:\/\/frisbolice.de\/en\/wp-json\/wp\/v2\/media?parent=24"}],"curies":[{"name":"wp","href":"https:\/\/api.w.org\/{rel}","templated":true}]}}